{"id":1169,"date":"2023-12-17T18:34:51","date_gmt":"2023-12-17T17:34:51","guid":{"rendered":"https:\/\/arqsocis.com\/?page_id=1169"},"modified":"2023-12-17T18:36:33","modified_gmt":"2023-12-17T17:36:33","slug":"avis-legal","status":"publish","type":"page","link":"https:\/\/arqsocis.com\/es\/avis-legal\/","title":{"rendered":"Avis Legal"},"content":{"rendered":"<p><strong>Av\u00eds Legal &#8211; ARQ Socis<\/strong><\/p>\n\n\n\n<p>En compliment amb la Llei Org\u00e0nica 3\/2018, de 5 de desembre, de Protecci\u00f3 de Dades Personals i garantia dels drets digitals (LOPD), s&#8217;informa als usuaris que accedeixen a www.arqsocis.com sobre la pol\u00edtica de privacitat i protecci\u00f3 de dades personals de ARQ Socis, amb NIF B60404001, i adre\u00e7a a Passeig de Sant Joan, 57, 08009, Barcelona, Barcelona.<\/p>\n\n\n\n<ol>\n<li><strong>Responsable del Tractament:<\/strong>\n<ul>\n<li>Nom: ARQ Socis<\/li>\n\n\n\n<li>NIF: B60404001<\/li>\n\n\n\n<li>Adre\u00e7a: Passeig de Sant Joan, 57, 08009, Barcelona, Barcelona<\/li>\n\n\n\n<li>Correu electr\u00f2nic: arqsocis@coac.net<\/li>\n<\/ul>\n<\/li>\n\n\n\n<li><strong>Finalitat del Tractament:<\/strong>\n<ul>\n<li>Les dades personals proporcionades a trav\u00e9s del lloc web o per correu electr\u00f2nic seran tractades amb la finalitat de gestionar les consultes, sol\u00b7licituds d&#8217;informaci\u00f3 i qualsevol altre contacte que els usuaris realitzin.<\/li>\n<\/ul>\n<\/li>\n\n\n\n<li><strong>Legitimaci\u00f3 del Tractament:<\/strong>\n<ul>\n<li>La legitimaci\u00f3 per al tractament de les dades es basa en el consentiment de l&#8217;usuari en proporcionar volunt\u00e0riament les seves dades a trav\u00e9s dels formularis del lloc web o per correu electr\u00f2nic.<\/li>\n<\/ul>\n<\/li>\n\n\n\n<li><strong>Drets dels Usuaris:<\/strong>\n<ul>\n<li>Els usuaris tenen dret a accedir, rectificar, cancel\u00b7lar o oposar-se al tractament de les seves dades personals. Aquests drets es poden exercir enviant una sol\u00b7licitud per escrit a l&#8217;adre\u00e7a postal o al correu electr\u00f2nic proporcionat.<\/li>\n<\/ul>\n<\/li>\n\n\n\n<li><strong>Mesures de Seguretat:<\/strong>\n<ul>\n<li>ARQ Socis adopta les mesures t\u00e8cniques i organitzatives necess\u00e0ries per garantir la seguretat i confidencialitat de les dades personals, evitant-ne l&#8217;alteraci\u00f3, p\u00e8rdua, tractament o acc\u00e9s no autoritzat.<\/li>\n<\/ul>\n<\/li>\n\n\n\n<li><strong>Dades de Contacte:<\/strong>\n<ul>\n<li>Si els usuaris tenen preguntes o inquietuds sobre el tractament de les seves dades personals, poden posar-se en contacte amb ARQ Socis a trav\u00e9s del correu electr\u00f2nic arqsocis@coac.net.<\/li>\n<\/ul>\n<\/li>\n\n\n\n<li><strong>\u00das de Cookies:<\/strong>\n<ul>\n<li>El lloc web www.arqsocis.com utilitza galetes amb la finalitat de millorar l&#8217;experi\u00e8ncia de navegaci\u00f3 de l&#8217;usuari. Per obtenir m\u00e9s informaci\u00f3 sobre l&#8217;\u00fas de galetes, consulteu la pol\u00edtica de galetes del lloc web.<\/li>\n<\/ul>\n<\/li>\n<\/ol>\n\n\n\n<figure class=\"wp-block-image size-full\"><img loading=\"lazy\" decoding=\"async\" width=\"1024\" height=\"81\" src=\"https:\/\/arqsocis.com\/wp-content\/uploads\/2023\/12\/image.png.webp\" alt=\"\" class=\"wp-image-1172\" srcset=\"https:\/\/arqsocis.com\/wp-content\/uploads\/2023\/12\/image.png.webp 1024w, https:\/\/arqsocis.com\/wp-content\/uploads\/2023\/12\/image.png-300x24.webp 300w, https:\/\/arqsocis.com\/wp-content\/uploads\/2023\/12\/image.png-768x61.webp 768w, https:\/\/arqsocis.com\/wp-content\/uploads\/2023\/12\/image.png-18x1.webp 18w\" sizes=\"(max-width: 1024px) 100vw, 1024px\" \/><\/figure>","protected":false},"excerpt":{"rendered":"<p>Av\u00eds Legal &#8211; ARQ Socis En compliment amb la Llei Org\u00e0nica 3\/2018, de 5 de desembre, de Protecci\u00f3 de Dades Personals i garantia dels drets digitals (LOPD), s&#8217;informa als usuaris que accedeixen a www.arqsocis.com sobre la pol\u00edtica de privacitat i protecci\u00f3 de dades personals de ARQ Socis, amb NIF B60404001, i adre\u00e7a a Passeig de &hellip;<\/p>\n<p class=\"read-more\"> <a class=\"\" href=\"https:\/\/arqsocis.com\/es\/avis-legal\/\"> <span class=\"screen-reader-text\">Avis Legal<\/span> Leer m\u00e1s &raquo;<\/a><\/p>","protected":false},"author":1,"featured_media":0,"parent":0,"menu_order":0,"comment_status":"closed","ping_status":"closed","template":"","meta":{"site-sidebar-layout":"default","site-content-layout":"","ast-site-content-layout":"default","site-content-style":"default","site-sidebar-style":"default","ast-global-header-display":"","ast-banner-title-visibility":"","ast-main-header-display":"","ast-hfb-above-header-display":"","ast-hfb-below-header-display":"","ast-hfb-mobile-header-display":"","site-post-title":"","ast-breadcrumbs-content":"","ast-featured-img":"","footer-sml-layout":"","theme-transparent-header-meta":"","adv-header-id-meta":"","stick-header-meta":"","header-above-stick-meta":"","header-main-stick-meta":"","header-below-stick-meta":"","astra-migrate-meta-layouts":"set","footnotes":""},"acf":[],"_links":{"self":[{"href":"https:\/\/arqsocis.com\/es\/wp-json\/wp\/v2\/pages\/1169"}],"collection":[{"href":"https:\/\/arqsocis.com\/es\/wp-json\/wp\/v2\/pages"}],"about":[{"href":"https:\/\/arqsocis.com\/es\/wp-json\/wp\/v2\/types\/page"}],"author":[{"embeddable":true,"href":"https:\/\/arqsocis.com\/es\/wp-json\/wp\/v2\/users\/1"}],"replies":[{"embeddable":true,"href":"https:\/\/arqsocis.com\/es\/wp-json\/wp\/v2\/comments?post=1169"}],"version-history":[{"count":2,"href":"https:\/\/arqsocis.com\/es\/wp-json\/wp\/v2\/pages\/1169\/revisions"}],"predecessor-version":[{"id":1173,"href":"https:\/\/arqsocis.com\/es\/wp-json\/wp\/v2\/pages\/1169\/revisions\/1173"}],"wp:attachment":[{"href":"https:\/\/arqsocis.com\/es\/wp-json\/wp\/v2\/media?parent=1169"}],"curies":[{"name":"wp","href":"https:\/\/api.w.org\/{rel}","templated":true}]}}